{"id":224,"date":"2023-02-28T03:24:50","date_gmt":"2023-02-28T03:24:50","guid":{"rendered":"https:\/\/gsmicrobox.com.ar\/?page_id=224"},"modified":"2023-02-28T04:20:11","modified_gmt":"2023-02-28T04:20:11","slug":"novedades","status":"publish","type":"page","link":"https:\/\/gsmicrobox.com.ar\/index.php\/novedades\/","title":{"rendered":"Novedades"},"content":{"rendered":"\t\t<div data-elementor-type=\"wp-page\" data-elementor-id=\"224\" class=\"elementor elementor-224\">\n\t\t\t\t\t\t<section class=\"elementor-section elementor-top-section elementor-element elementor-element-27454de7 elementor-section-boxed elementor-section-height-default elementor-section-height-default\" data-id=\"27454de7\" data-element_type=\"section\">\n\t\t\t\t\t\t<div class=\"elementor-container elementor-column-gap-default\">\n\t\t\t\t\t<div class=\"elementor-column elementor-col-100 elementor-top-column elementor-element elementor-element-34671d78\" data-id=\"34671d78\" data-element_type=\"column\">\n\t\t\t<div class=\"elementor-widget-wrap elementor-element-populated\">\n\t\t\t\t\t\t<div class=\"elementor-element elementor-element-381b6a5f elementor-widget elementor-widget-elementskit-heading\" data-id=\"381b6a5f\" data-element_type=\"widget\" data-widget_type=\"elementskit-heading.default\">\n\t\t\t\t<div class=\"elementor-widget-container\">\n\t\t\t<div class=\"ekit-wid-con\" ><div class=\"ekit-heading elementskit-section-title-wraper text_center   ekit_heading_tablet-   ekit_heading_mobile-\"><h2 class=\"ekit-heading--title elementskit-section-title \">Nuestras <span><span>novedades<\/span><\/span> <\/h2><\/div><\/div>\t\t<\/div>\n\t\t\t\t<\/div>\n\t\t\t\t\t<\/div>\n\t\t<\/div>\n\t\t\t\t\t<\/div>\n\t\t<\/section>\n\t\t\t\t<section class=\"elementor-section elementor-top-section elementor-element elementor-element-13d326f elementor-section-boxed elementor-section-height-default elementor-section-height-default\" data-id=\"13d326f\" data-element_type=\"section\">\n\t\t\t\t\t\t<div class=\"elementor-container elementor-column-gap-default\">\n\t\t\t\t\t<div class=\"elementor-column elementor-col-100 elementor-top-column elementor-element elementor-element-3ba0353\" data-id=\"3ba0353\" data-element_type=\"column\">\n\t\t\t<div class=\"elementor-widget-wrap elementor-element-populated\">\n\t\t\t\t\t\t<div class=\"elementor-element elementor-element-b34e210 elementor-grid-eael-col-3 elementor-grid-tablet-eael-col-2 elementor-grid-mobile-eael-col-1 elementor-widget elementor-widget-eael-post-grid\" data-id=\"b34e210\" data-element_type=\"widget\" data-settings=\"{&quot;eael_post_grid_columns&quot;:&quot;eael-col-3&quot;,&quot;eael_post_grid_columns_tablet&quot;:&quot;eael-col-2&quot;,&quot;eael_post_grid_columns_mobile&quot;:&quot;eael-col-1&quot;}\" data-widget_type=\"eael-post-grid.default\">\n\t\t\t\t<div class=\"elementor-widget-container\">\n\t\t\t<div id=\"eael-post-grid-b34e210\" class=\"eael-post-grid-container\">\n            <div class=\"eael-post-grid eael-post-appender eael-post-appender-b34e210 eael-post-grid-style-two\" data-layout-mode=\"masonry\"><article class=\"eael-grid-post eael-post-grid-column\" data-id=\"750\">\n        <div class=\"eael-grid-post-holder\">\n            <div class=\"eael-grid-post-holder-inner\"><div class=\"eael-entry-media\"><div class=\"eael-entry-overlay zoom-in\"><i class=\"icon icon-eye1\" aria-hidden=\"true\"><\/i><a href=\"https:\/\/gsmicrobox.com.ar\/index.php\/2025\/09\/30\/el-poder-de-un-buen-packaging\/\"><\/a><\/div><div class=\"eael-entry-thumbnail \">\n                                <img fetchpriority=\"high\" decoding=\"async\" width=\"300\" height=\"240\" src=\"https:\/\/gsmicrobox.com.ar\/wp-content\/uploads\/2025\/09\/dia-de-la-madre-blog-300x240.jpg\" class=\"attachment-medium size-medium wp-image-751\" alt=\"\" srcset=\"https:\/\/gsmicrobox.com.ar\/wp-content\/uploads\/2025\/09\/dia-de-la-madre-blog-300x240.jpg 300w, https:\/\/gsmicrobox.com.ar\/wp-content\/uploads\/2025\/09\/dia-de-la-madre-blog-1024x819.jpg 1024w, https:\/\/gsmicrobox.com.ar\/wp-content\/uploads\/2025\/09\/dia-de-la-madre-blog-768x614.jpg 768w, https:\/\/gsmicrobox.com.ar\/wp-content\/uploads\/2025\/09\/dia-de-la-madre-blog.jpg 1350w\" sizes=\"(max-width: 300px) 100vw, 300px\" \/>\n                              <\/div>\n                      <\/div><div class=\"eael-entry-wrapper\"><header class=\"eael-entry-header\"><h2 class=\"eael-entry-title\"><a\n                                    class=\"eael-grid-post-link\"\n                                    href=\"https:\/\/gsmicrobox.com.ar\/index.php\/2025\/09\/30\/el-poder-de-un-buen-packaging\/\"\n                                    title=\"El poder de un buen Packaging\">El poder de un buen Packaging<\/a><\/h2><\/header><div class=\"eael-entry-content\">\n                                    <div class=\"eael-grid-post-excerpt\"><p>El valor de regalar bien presentado En cada celebraci\u00f3n hay...<\/p><a\n                                        href=\"https:\/\/gsmicrobox.com.ar\/index.php\/2025\/09\/30\/el-poder-de-un-buen-packaging\/\"\n                                        class=\"eael-post-elements-readmore-btn\">Leer m\u00e1s<\/a><\/div>\n                                <\/div><div class=\"eael-entry-header-after style-two\"><div class=\"eael-entry-meta\"><span class=\"eael-meta-posted-on\"><i class=\"far fa-clock\"><\/i><time datetime=\"30 de septiembre de 2025\">30 de septiembre de 2025<\/time><\/span><\/div><\/div><\/div><\/div>\n        <\/div>\n    <\/article><article class=\"eael-grid-post eael-post-grid-column\" data-id=\"730\">\n        <div class=\"eael-grid-post-holder\">\n            <div class=\"eael-grid-post-holder-inner\"><div class=\"eael-entry-media\"><div class=\"eael-entry-overlay zoom-in\"><i class=\"icon icon-eye1\" aria-hidden=\"true\"><\/i><a href=\"https:\/\/gsmicrobox.com.ar\/index.php\/2025\/09\/22\/cajas-navidenas-copy\/\"><\/a><\/div><div class=\"eael-entry-thumbnail \">\n                                <img decoding=\"async\" width=\"300\" height=\"240\" src=\"https:\/\/gsmicrobox.com.ar\/wp-content\/uploads\/2025\/09\/valij-web-300x240.jpg\" class=\"attachment-medium size-medium wp-image-747\" alt=\"\" srcset=\"https:\/\/gsmicrobox.com.ar\/wp-content\/uploads\/2025\/09\/valij-web-300x240.jpg 300w, https:\/\/gsmicrobox.com.ar\/wp-content\/uploads\/2025\/09\/valij-web-1024x819.jpg 1024w, https:\/\/gsmicrobox.com.ar\/wp-content\/uploads\/2025\/09\/valij-web-768x614.jpg 768w, https:\/\/gsmicrobox.com.ar\/wp-content\/uploads\/2025\/09\/valij-web.jpg 1350w\" sizes=\"(max-width: 300px) 100vw, 300px\" \/>\n                              <\/div>\n                      <\/div><div class=\"eael-entry-wrapper\"><header class=\"eael-entry-header\"><h2 class=\"eael-entry-title\"><a\n                                    class=\"eael-grid-post-link\"\n                                    href=\"https:\/\/gsmicrobox.com.ar\/index.php\/2025\/09\/22\/cajas-navidenas-copy\/\"\n                                    title=\"\u00a1Llegaron los Valijones Navide\u00f1os!\">\u00a1Llegaron los Valijones Navide\u00f1os!<\/a><\/h2><\/header><div class=\"eael-entry-content\">\n                                    <div class=\"eael-grid-post-excerpt\"><p>\u00a1Llegaron los Valijones Navide\u00f1os! \ud83c\udf81 Nos adelantamos a las Fiestas...<\/p><a\n                                        href=\"https:\/\/gsmicrobox.com.ar\/index.php\/2025\/09\/22\/cajas-navidenas-copy\/\"\n                                        class=\"eael-post-elements-readmore-btn\">Leer m\u00e1s<\/a><\/div>\n                                <\/div><div class=\"eael-entry-header-after style-two\"><div class=\"eael-entry-meta\"><span class=\"eael-meta-posted-on\"><i class=\"far fa-clock\"><\/i><time datetime=\"22 de septiembre de 2025\">22 de septiembre de 2025<\/time><\/span><\/div><\/div><\/div><\/div>\n        <\/div>\n    <\/article><article class=\"eael-grid-post eael-post-grid-column\" data-id=\"674\">\n        <div class=\"eael-grid-post-holder\">\n            <div class=\"eael-grid-post-holder-inner\"><div class=\"eael-entry-media\"><div class=\"eael-entry-overlay zoom-in\"><i class=\"icon icon-eye1\" aria-hidden=\"true\"><\/i><a href=\"https:\/\/gsmicrobox.com.ar\/index.php\/2025\/02\/12\/expo-presentes-otono-2025\/\"><\/a><\/div><div class=\"eael-entry-thumbnail \">\n                                <img decoding=\"async\" width=\"300\" height=\"240\" src=\"https:\/\/gsmicrobox.com.ar\/wp-content\/uploads\/2025\/02\/PRESENTES-PORTADA-NOVEDADES-300x240.jpg\" class=\"attachment-medium size-medium wp-image-675\" alt=\"\" srcset=\"https:\/\/gsmicrobox.com.ar\/wp-content\/uploads\/2025\/02\/PRESENTES-PORTADA-NOVEDADES-300x240.jpg 300w, https:\/\/gsmicrobox.com.ar\/wp-content\/uploads\/2025\/02\/PRESENTES-PORTADA-NOVEDADES-1024x819.jpg 1024w, https:\/\/gsmicrobox.com.ar\/wp-content\/uploads\/2025\/02\/PRESENTES-PORTADA-NOVEDADES-768x614.jpg 768w, https:\/\/gsmicrobox.com.ar\/wp-content\/uploads\/2025\/02\/PRESENTES-PORTADA-NOVEDADES.jpg 1350w\" sizes=\"(max-width: 300px) 100vw, 300px\" \/>\n                              <\/div>\n                      <\/div><div class=\"eael-entry-wrapper\"><header class=\"eael-entry-header\"><h2 class=\"eael-entry-title\"><a\n                                    class=\"eael-grid-post-link\"\n                                    href=\"https:\/\/gsmicrobox.com.ar\/index.php\/2025\/02\/12\/expo-presentes-otono-2025\/\"\n                                    title=\"Expo Presentes &#8211; Oto\u00f1o 2025\">Expo Presentes &#8211; Oto\u00f1o 2025<\/a><\/h2><\/header><div class=\"eael-entry-content\">\n                                    <div class=\"eael-grid-post-excerpt\"><p>La exposici\u00f3n, l\u00edder en deco, muebles, bazar y mucho m\u00e1s,...<\/p><a\n                                        href=\"https:\/\/gsmicrobox.com.ar\/index.php\/2025\/02\/12\/expo-presentes-otono-2025\/\"\n                                        class=\"eael-post-elements-readmore-btn\">Leer m\u00e1s<\/a><\/div>\n                                <\/div><div class=\"eael-entry-header-after style-two\"><div class=\"eael-entry-meta\"><span class=\"eael-meta-posted-on\"><i class=\"far fa-clock\"><\/i><time datetime=\"12 de febrero de 2025\">12 de febrero de 2025<\/time><\/span><\/div><\/div><\/div><\/div>\n        <\/div>\n    <\/article><article class=\"eael-grid-post eael-post-grid-column\" data-id=\"651\">\n        <div class=\"eael-grid-post-holder\">\n            <div class=\"eael-grid-post-holder-inner\"><div class=\"eael-entry-media\"><div class=\"eael-entry-overlay zoom-in\"><i class=\"icon icon-eye1\" aria-hidden=\"true\"><\/i><a href=\"https:\/\/gsmicrobox.com.ar\/index.php\/2024\/10\/17\/cajas-navidenas\/\"><\/a><\/div><div class=\"eael-entry-thumbnail \">\n                                <img loading=\"lazy\" decoding=\"async\" width=\"300\" height=\"240\" src=\"https:\/\/gsmicrobox.com.ar\/wp-content\/uploads\/2024\/10\/portada-navidad-300x240.jpg\" class=\"attachment-medium size-medium wp-image-652\" alt=\"\" srcset=\"https:\/\/gsmicrobox.com.ar\/wp-content\/uploads\/2024\/10\/portada-navidad-300x240.jpg 300w, https:\/\/gsmicrobox.com.ar\/wp-content\/uploads\/2024\/10\/portada-navidad-1024x819.jpg 1024w, https:\/\/gsmicrobox.com.ar\/wp-content\/uploads\/2024\/10\/portada-navidad-768x614.jpg 768w, https:\/\/gsmicrobox.com.ar\/wp-content\/uploads\/2024\/10\/portada-navidad.jpg 1350w\" sizes=\"(max-width: 300px) 100vw, 300px\" \/>\n                              <\/div>\n                      <\/div><div class=\"eael-entry-wrapper\"><header class=\"eael-entry-header\"><h2 class=\"eael-entry-title\"><a\n                                    class=\"eael-grid-post-link\"\n                                    href=\"https:\/\/gsmicrobox.com.ar\/index.php\/2024\/10\/17\/cajas-navidenas\/\"\n                                    title=\"Cajas Navide\u00f1as\">Cajas Navide\u00f1as<\/a><\/h2><\/header><div class=\"eael-entry-content\">\n                                    <div class=\"eael-grid-post-excerpt\"><p>Valijones Navide\u00f1os Se acerca fin de a\u00f1o y no pod\u00e9s...<\/p><a\n                                        href=\"https:\/\/gsmicrobox.com.ar\/index.php\/2024\/10\/17\/cajas-navidenas\/\"\n                                        class=\"eael-post-elements-readmore-btn\">Leer m\u00e1s<\/a><\/div>\n                                <\/div><div class=\"eael-entry-header-after style-two\"><div class=\"eael-entry-meta\"><span class=\"eael-meta-posted-on\"><i class=\"far fa-clock\"><\/i><time datetime=\"17 de octubre de 2024\">17 de octubre de 2024<\/time><\/span><\/div><\/div><\/div><\/div>\n        <\/div>\n    <\/article><\/div>\n            <div class=\"clearfix\"><\/div>\n        <\/div>            <div class=\"eael-load-more-button-wrap\">\n                <button class=\"eael-load-more-button\" id=\"eael-load-more-btn-b34e210\" data-widget-id=\"b34e210\" data-widget=\"b34e210\" data-page-id=\"224\" data-template=\"{&quot;dir&quot;:&quot;lite&quot;,&quot;file_name&quot;:&quot;default.php&quot;,&quot;name&quot;:&quot;Post-Grid&quot;}\" data-class=\"Essential_Addons_Elementor\\Elements\\Post_Grid\" data-layout=\"masonry\" data-page=\"1\" data-args=\"orderby=date&amp;order=desc&amp;ignore_sticky_posts=1&amp;post_status=publish&amp;posts_per_page=4&amp;offset=0&amp;post_type=post\" data-max-page=\"4\">\n                    <span class=\"eael-btn-loader button__loader\"><\/span>\n                    <span class=\"eael_load_more_text\">Cargar m\u00e1s<\/span>\n                <\/button>\n            <\/div>\n            \t\t<\/div>\n\t\t\t\t<\/div>\n\t\t\t\t\t<\/div>\n\t\t<\/div>\n\t\t\t\t\t<\/div>\n\t\t<\/section>\n\t\t\t\t<section class=\"elementor-section elementor-top-section elementor-element elementor-element-a282c58 elementor-section-boxed elementor-section-height-default elementor-section-height-default\" data-id=\"a282c58\" data-element_type=\"section\">\n\t\t\t\t\t\t<div class=\"elementor-container elementor-column-gap-default\">\n\t\t\t\t\t<div class=\"elementor-column elementor-col-100 elementor-top-column elementor-element elementor-element-939be3a\" data-id=\"939be3a\" data-element_type=\"column\">\n\t\t\t<div class=\"elementor-widget-wrap elementor-element-populated\">\n\t\t\t\t\t\t<div class=\"elementor-element elementor-element-f529f69 elementor-widget elementor-widget-spacer\" data-id=\"f529f69\" data-element_type=\"widget\" data-widget_type=\"spacer.default\">\n\t\t\t\t<div class=\"elementor-widget-container\">\n\t\t\t<style>\/*! elementor - v3.23.0 - 15-07-2024 *\/\n.elementor-column .elementor-spacer-inner{height:var(--spacer-size)}.e-con{--container-widget-width:100%}.e-con-inner>.elementor-widget-spacer,.e-con>.elementor-widget-spacer{width:var(--container-widget-width,var(--spacer-size));--align-self:var(--container-widget-align-self,initial);--flex-shrink:0}.e-con-inner>.elementor-widget-spacer>.elementor-widget-container,.e-con>.elementor-widget-spacer>.elementor-widget-container{height:100%;width:100%}.e-con-inner>.elementor-widget-spacer>.elementor-widget-container>.elementor-spacer,.e-con>.elementor-widget-spacer>.elementor-widget-container>.elementor-spacer{height:100%}.e-con-inner>.elementor-widget-spacer>.elementor-widget-container>.elementor-spacer>.elementor-spacer-inner,.e-con>.elementor-widget-spacer>.elementor-widget-container>.elementor-spacer>.elementor-spacer-inner{height:var(--container-widget-height,var(--spacer-size))}.e-con-inner>.elementor-widget-spacer.elementor-widget-empty,.e-con>.elementor-widget-spacer.elementor-widget-empty{position:relative;min-height:22px;min-width:22px}.e-con-inner>.elementor-widget-spacer.elementor-widget-empty .elementor-widget-empty-icon,.e-con>.elementor-widget-spacer.elementor-widget-empty .elementor-widget-empty-icon{position:absolute;top:0;bottom:0;left:0;right:0;margin:auto;padding:0;width:22px;height:22px}<\/style>\t\t<div class=\"elementor-spacer\">\n\t\t\t<div class=\"elementor-spacer-inner\"><\/div>\n\t\t<\/div>\n\t\t\t\t<\/div>\n\t\t\t\t<\/div>\n\t\t\t\t\t<\/div>\n\t\t<\/div>\n\t\t\t\t\t<\/div>\n\t\t<\/section>\n\t\t\t\t<\/div>\n\t\t","protected":false},"excerpt":{"rendered":"<p>Nuestras novedades Expo Presentes Expo Presentes &#8211; Marzo 2023 Como cada a\u00f1o hacemos honor&#8230; Leer m\u00e1s 28 de febrero de 2023 Vuelta a clases! Vuelta a clases! Los primeros meses del a\u00f1o son clave:&#8230; Leer m\u00e1s 28 de febrero de 2023<\/p>\n","protected":false},"author":2,"featured_media":0,"parent":0,"menu_order":0,"comment_status":"closed","ping_status":"closed","template":"elementor_header_footer","meta":{"footnotes":""},"class_list":["post-224","page","type-page","status-publish","hentry"],"_links":{"self":[{"href":"https:\/\/gsmicrobox.com.ar\/index.php\/wp-json\/wp\/v2\/pages\/224","targetHints":{"allow":["GET"]}}],"collection":[{"href":"https:\/\/gsmicrobox.com.ar\/index.php\/wp-json\/wp\/v2\/pages"}],"about":[{"href":"https:\/\/gsmicrobox.com.ar\/index.php\/wp-json\/wp\/v2\/types\/page"}],"author":[{"embeddable":true,"href":"https:\/\/gsmicrobox.com.ar\/index.php\/wp-json\/wp\/v2\/users\/2"}],"replies":[{"embeddable":true,"href":"https:\/\/gsmicrobox.com.ar\/index.php\/wp-json\/wp\/v2\/comments?post=224"}],"version-history":[{"count":13,"href":"https:\/\/gsmicrobox.com.ar\/index.php\/wp-json\/wp\/v2\/pages\/224\/revisions"}],"predecessor-version":[{"id":257,"href":"https:\/\/gsmicrobox.com.ar\/index.php\/wp-json\/wp\/v2\/pages\/224\/revisions\/257"}],"wp:attachment":[{"href":"https:\/\/gsmicrobox.com.ar\/index.php\/wp-json\/wp\/v2\/media?parent=224"}],"curies":[{"name":"wp","href":"https:\/\/api.w.org\/{rel}","templated":true}]}}